{"id":1908,"date":"2023-11-24T11:04:44","date_gmt":"2023-11-24T11:04:44","guid":{"rendered":"https:\/\/tenutacabarbaro.it\/euganeische-hugel\/"},"modified":"2024-06-25T08:19:27","modified_gmt":"2024-06-25T08:19:27","slug":"euganeische-hugel","status":"publish","type":"page","link":"https:\/\/tenutacabarbaro.it\/de\/euganeische-hugel\/","title":{"rendered":"Euganeische H\u00fcgel"},"content":{"rendered":"\t\t<div data-elementor-type=\"wp-page\" data-elementor-id=\"1908\" class=\"elementor elementor-1908 elementor-393\" data-elementor-post-type=\"page\">\n\t\t\t\t\t\t<section class=\"elementor-section elementor-top-section elementor-element elementor-element-ef5ea41 elementor-section-full_width elementor-section-stretched elementor-section-height-default elementor-section-height-default\" data-id=\"ef5ea41\" data-element_type=\"section\" data-settings=\"{&quot;stretch_section&quot;:&quot;section-stretched&quot;,&quot;background_background&quot;:&quot;classic&quot;}\">\n\t\t\t\t\t\t\t<div class=\"elementor-background-overlay\"><\/div>\n\t\t\t\t\t\t\t<div class=\"elementor-container elementor-column-gap-default\">\n\t\t\t\t\t<div class=\"elementor-column elementor-col-100 elementor-top-column elementor-element elementor-element-f4a243e\" data-id=\"f4a243e\" data-element_type=\"column\">\n\t\t\t<div class=\"elementor-widget-wrap\">\n\t\t\t\t\t\t\t<\/div>\n\t\t<\/div>\n\t\t\t\t\t<\/div>\n\t\t<\/section>\n\t\t\t\t<section class=\"elementor-section elementor-top-section elementor-element elementor-element-e43888f elementor-section-boxed elementor-section-height-default elementor-section-height-default\" data-id=\"e43888f\" data-element_type=\"section\">\n\t\t\t\t\t\t<div class=\"elementor-container elementor-column-gap-default\">\n\t\t\t\t\t<div class=\"elementor-column elementor-col-100 elementor-top-column elementor-element elementor-element-75fe5d8\" data-id=\"75fe5d8\" data-element_type=\"column\">\n\t\t\t<div class=\"elementor-widget-wrap elementor-element-populated\">\n\t\t\t\t\t\t<div class=\"elementor-element elementor-element-7d59591 elementor-widget elementor-widget-heading\" data-id=\"7d59591\" data-element_type=\"widget\" data-widget_type=\"heading.default\">\n\t\t\t\t<div class=\"elementor-widget-container\">\n\t\t\t<style>\/*! elementor - v3.21.0 - 30-04-2024 *\/\n.elementor-heading-title{padding:0;margin:0;line-height:1}.elementor-widget-heading .elementor-heading-title[class*=elementor-size-]>a{color:inherit;font-size:inherit;line-height:inherit}.elementor-widget-heading .elementor-heading-title.elementor-size-small{font-size:15px}.elementor-widget-heading .elementor-heading-title.elementor-size-medium{font-size:19px}.elementor-widget-heading .elementor-heading-title.elementor-size-large{font-size:29px}.elementor-widget-heading .elementor-heading-title.elementor-size-xl{font-size:39px}.elementor-widget-heading .elementor-heading-title.elementor-size-xxl{font-size:59px}<\/style><h1 class=\"elementor-heading-title elementor-size-default\">Auf Entdeckungsreise durch die Euganeischen H\u00fcgel<\/h1>\t\t<\/div>\n\t\t\t\t<\/div>\n\t\t\t\t<div class=\"elementor-element elementor-element-2618e89 elementor-widget elementor-widget-image\" data-id=\"2618e89\" data-element_type=\"widget\" data-widget_type=\"image.default\">\n\t\t\t\t<div class=\"elementor-widget-container\">\n\t\t\t<style>\/*! elementor - v3.21.0 - 30-04-2024 *\/\n.elementor-widget-image{text-align:center}.elementor-widget-image a{display:inline-block}.elementor-widget-image a img[src$=\".svg\"]{width:48px}.elementor-widget-image img{vertical-align:middle;display:inline-block}<\/style>\t\t\t\t\t\t\t\t\t\t<img fetchpriority=\"high\" decoding=\"async\" width=\"481\" height=\"481\" src=\"https:\/\/tenutacabarbaro.it\/wp-content\/uploads\/2023\/11\/cerchio-piccolo.png\" class=\"attachment-large size-large wp-image-399\" alt=\"\" srcset=\"https:\/\/tenutacabarbaro.it\/wp-content\/uploads\/2023\/11\/cerchio-piccolo.png 481w, https:\/\/tenutacabarbaro.it\/wp-content\/uploads\/2023\/11\/cerchio-piccolo-300x300.png 300w, https:\/\/tenutacabarbaro.it\/wp-content\/uploads\/2023\/11\/cerchio-piccolo-100x100.png 100w, https:\/\/tenutacabarbaro.it\/wp-content\/uploads\/2023\/11\/cerchio-piccolo-150x150.png 150w\" sizes=\"(max-width: 481px) 100vw, 481px\" \/>\t\t\t\t\t\t\t\t\t\t\t\t\t<\/div>\n\t\t\t\t<\/div>\n\t\t\t\t\t<\/div>\n\t\t<\/div>\n\t\t\t\t\t<\/div>\n\t\t<\/section>\n\t\t\t\t<section class=\"elementor-section elementor-top-section elementor-element elementor-element-4e842a2 elementor-section-boxed elementor-section-height-default elementor-section-height-default\" data-id=\"4e842a2\" data-element_type=\"section\">\n\t\t\t\t\t\t<div class=\"elementor-container elementor-column-gap-default\">\n\t\t\t\t\t<div class=\"elementor-column elementor-col-50 elementor-top-column elementor-element elementor-element-684cf5a\" data-id=\"684cf5a\" data-element_type=\"column\">\n\t\t\t<div class=\"elementor-widget-wrap elementor-element-populated\">\n\t\t\t\t\t\t<div class=\"elementor-element elementor-element-aa711f1 elementor-invisible elementor-widget elementor-widget-image\" data-id=\"aa711f1\" data-element_type=\"widget\" data-settings=\"{&quot;_animation&quot;:&quot;fadeIn&quot;,&quot;_animation_delay&quot;:300}\" data-widget_type=\"image.default\">\n\t\t\t\t<div class=\"elementor-widget-container\">\n\t\t\t\t\t\t\t\t\t\t\t\t\t<img decoding=\"async\" width=\"900\" height=\"700\" src=\"https:\/\/tenutacabarbaro.it\/wp-content\/uploads\/2023\/11\/cicloturismo-a.jpg\" class=\"attachment-large size-large wp-image-447\" alt=\"Cicloturismo\" srcset=\"https:\/\/tenutacabarbaro.it\/wp-content\/uploads\/2023\/11\/cicloturismo-a.jpg 900w, https:\/\/tenutacabarbaro.it\/wp-content\/uploads\/2023\/11\/cicloturismo-a-600x467.jpg 600w, https:\/\/tenutacabarbaro.it\/wp-content\/uploads\/2023\/11\/cicloturismo-a-300x233.jpg 300w, https:\/\/tenutacabarbaro.it\/wp-content\/uploads\/2023\/11\/cicloturismo-a-768x597.jpg 768w\" sizes=\"(max-width: 900px) 100vw, 900px\" \/>\t\t\t\t\t\t\t\t\t\t\t\t\t<\/div>\n\t\t\t\t<\/div>\n\t\t\t\t\t<\/div>\n\t\t<\/div>\n\t\t\t\t<div class=\"elementor-column elementor-col-50 elementor-top-column elementor-element elementor-element-6d466d5\" data-id=\"6d466d5\" data-element_type=\"column\">\n\t\t\t<div class=\"elementor-widget-wrap elementor-element-populated\">\n\t\t\t\t\t\t<div class=\"elementor-element elementor-element-81bd188 elementor-widget elementor-widget-heading\" data-id=\"81bd188\" data-element_type=\"widget\" data-widget_type=\"heading.default\">\n\t\t\t\t<div class=\"elementor-widget-container\">\n\t\t\t<h2 class=\"elementor-heading-title elementor-size-default\">Fahrradtourismus<\/h2>\t\t<\/div>\n\t\t\t\t<\/div>\n\t\t\t\t<div class=\"elementor-element elementor-element-a990ac8 elementor-widget elementor-widget-text-editor\" data-id=\"a990ac8\" data-element_type=\"widget\" data-widget_type=\"text-editor.default\">\n\t\t\t\t<div class=\"elementor-widget-container\">\n\t\t\t<style>\/*! elementor - v3.21.0 - 30-04-2024 *\/\n.elementor-widget-text-editor.elementor-drop-cap-view-stacked .elementor-drop-cap{background-color:#69727d;color:#fff}.elementor-widget-text-editor.elementor-drop-cap-view-framed .elementor-drop-cap{color:#69727d;border:3px solid;background-color:transparent}.elementor-widget-text-editor:not(.elementor-drop-cap-view-default) .elementor-drop-cap{margin-top:8px}.elementor-widget-text-editor:not(.elementor-drop-cap-view-default) .elementor-drop-cap-letter{width:1em;height:1em}.elementor-widget-text-editor .elementor-drop-cap{float:left;text-align:center;line-height:1;font-size:50px}.elementor-widget-text-editor .elementor-drop-cap-letter{display:inline-block}<\/style>\t\t\t\t<p><strong>Das Radwandern<\/strong> in den Euganeischen H\u00fcgeln ist eine fantastische M\u00f6glichkeit, die <strong>Sch\u00f6nheit und Geschichte<\/strong> dieser Region Venetiens zu entdecken.<\/p>\n<p>Es <strong>gibt mehrere Radrouten<\/strong> mit malerischen Landschaften, alten D\u00f6rfern, Schl\u00f6ssern und Villen, die f\u00fcr alle Schwierigkeitsgrade geeignet sind. <br \/>Eine der beliebtesten ist die <strong>Tour durch die Euganeischen H\u00fcgel<\/strong>, die auf einem etwa <strong>70 km<\/strong> langen, flachen Radweg durch den <strong>Regionalpark der Euganeischen H\u00fcgel f\u00fchrt.<\/strong><\/p>\n<p>Die Strecke f\u00fchrt nur wenige Meter vom Landgut Ca&#8217;Barbaro entfernt vorbei, und wir freuen uns auf Ihren Besuch!<\/p>\n\t\t\t\t\t\t<\/div>\n\t\t\t\t<\/div>\n\t\t\t\t\t<\/div>\n\t\t<\/div>\n\t\t\t\t\t<\/div>\n\t\t<\/section>\n\t\t\t\t<section class=\"elementor-section elementor-top-section elementor-element elementor-element-734bb7a elementor-reverse-tablet elementor-reverse-mobile elementor-section-boxed elementor-section-height-default elementor-section-height-default\" data-id=\"734bb7a\" data-element_type=\"section\">\n\t\t\t\t\t\t<div class=\"elementor-container elementor-column-gap-default\">\n\t\t\t\t\t<div class=\"elementor-column elementor-col-50 elementor-top-column elementor-element elementor-element-8f7b2ce\" data-id=\"8f7b2ce\" data-element_type=\"column\">\n\t\t\t<div class=\"elementor-widget-wrap elementor-element-populated\">\n\t\t\t\t\t\t<div class=\"elementor-element elementor-element-7e470e3 elementor-widget elementor-widget-heading\" data-id=\"7e470e3\" data-element_type=\"widget\" data-widget_type=\"heading.default\">\n\t\t\t\t<div class=\"elementor-widget-container\">\n\t\t\t<h2 class=\"elementor-heading-title elementor-size-default\">Wanderungen<\/h2>\t\t<\/div>\n\t\t\t\t<\/div>\n\t\t\t\t<div class=\"elementor-element elementor-element-06073d1 elementor-widget elementor-widget-text-editor\" data-id=\"06073d1\" data-element_type=\"widget\" data-widget_type=\"text-editor.default\">\n\t\t\t\t<div class=\"elementor-widget-container\">\n\t\t\t\t\t\t\t<p>Wandern in den Euganeischen H\u00fcgeln bietet <strong>ein einzigartiges<\/strong> <strong>Naturerlebnis<\/strong>. Diese H\u00fcgelkette in der Region Venetien, Italien, <strong>bietet atemberaubende<\/strong> Aussichten und <strong>Routen f\u00fcr alle Erfahrungsstufen.<\/strong><\/p>\n<p>Zahlreiche Wege schl\u00e4ngeln sich durch den <strong>Regionalpark der Euganeischen H\u00fcgel<\/strong>, jeder mit seiner eigenen Einzigartigkeit.<\/p>\n\t\t\t\t\t\t<\/div>\n\t\t\t\t<\/div>\n\t\t\t\t<div class=\"elementor-element elementor-element-417df4c link-interni elementor-widget elementor-widget-text-editor\" data-id=\"417df4c\" data-element_type=\"widget\" data-widget_type=\"text-editor.default\">\n\t\t\t\t<div class=\"elementor-widget-container\">\n\t\t\t\t\t\t\t<p><a href=\"https:\/\/www.collieuganei.it\/sentieri\/\" target=\"_blank\" rel=\"noopener\">ENTDECKEN SIE WANDERWEGE<\/a><\/p>\n\t\t\t\t\t\t<\/div>\n\t\t\t\t<\/div>\n\t\t\t\t\t<\/div>\n\t\t<\/div>\n\t\t\t\t<div class=\"elementor-column elementor-col-50 elementor-top-column elementor-element elementor-element-e6f0f73\" data-id=\"e6f0f73\" data-element_type=\"column\">\n\t\t\t<div class=\"elementor-widget-wrap elementor-element-populated\">\n\t\t\t\t\t\t<div class=\"elementor-element elementor-element-145d07b elementor-invisible elementor-widget elementor-widget-image\" data-id=\"145d07b\" data-element_type=\"widget\" data-settings=\"{&quot;_animation&quot;:&quot;fadeIn&quot;,&quot;_animation_delay&quot;:500}\" data-widget_type=\"image.default\">\n\t\t\t\t<div class=\"elementor-widget-container\">\n\t\t\t\t\t\t\t\t\t\t\t\t\t<img decoding=\"async\" width=\"900\" height=\"700\" src=\"https:\/\/tenutacabarbaro.it\/wp-content\/uploads\/2023\/11\/trekking-a.jpg\" class=\"attachment-large size-large wp-image-420\" alt=\"Trekking\" srcset=\"https:\/\/tenutacabarbaro.it\/wp-content\/uploads\/2023\/11\/trekking-a.jpg 900w, https:\/\/tenutacabarbaro.it\/wp-content\/uploads\/2023\/11\/trekking-a-600x467.jpg 600w, https:\/\/tenutacabarbaro.it\/wp-content\/uploads\/2023\/11\/trekking-a-300x233.jpg 300w, https:\/\/tenutacabarbaro.it\/wp-content\/uploads\/2023\/11\/trekking-a-768x597.jpg 768w\" sizes=\"(max-width: 900px) 100vw, 900px\" \/>\t\t\t\t\t\t\t\t\t\t\t\t\t<\/div>\n\t\t\t\t<\/div>\n\t\t\t\t\t<\/div>\n\t\t<\/div>\n\t\t\t\t\t<\/div>\n\t\t<\/section>\n\t\t\t\t<section class=\"elementor-section elementor-top-section elementor-element elementor-element-9c6c63e elementor-reverse-tablet elementor-reverse-mobile elementor-section-boxed elementor-section-height-default elementor-section-height-default\" data-id=\"9c6c63e\" data-element_type=\"section\">\n\t\t\t\t\t\t<div class=\"elementor-container elementor-column-gap-default\">\n\t\t\t\t\t<div class=\"elementor-column elementor-col-50 elementor-top-column elementor-element elementor-element-ae1fe60\" data-id=\"ae1fe60\" data-element_type=\"column\">\n\t\t\t<div class=\"elementor-widget-wrap elementor-element-populated\">\n\t\t\t\t\t\t<div class=\"elementor-element elementor-element-3b39161 elementor-invisible elementor-widget elementor-widget-image\" data-id=\"3b39161\" data-element_type=\"widget\" data-settings=\"{&quot;_animation&quot;:&quot;fadeIn&quot;,&quot;_animation_delay&quot;:900}\" data-widget_type=\"image.default\">\n\t\t\t\t<div class=\"elementor-widget-container\">\n\t\t\t\t\t\t\t\t\t\t\t\t\t<img loading=\"lazy\" decoding=\"async\" width=\"900\" height=\"700\" src=\"https:\/\/tenutacabarbaro.it\/wp-content\/uploads\/2023\/12\/tour-enogastronomici.jpg\" class=\"attachment-large size-large wp-image-710\" alt=\"Tour enogastronimici\" srcset=\"https:\/\/tenutacabarbaro.it\/wp-content\/uploads\/2023\/12\/tour-enogastronomici.jpg 900w, https:\/\/tenutacabarbaro.it\/wp-content\/uploads\/2023\/12\/tour-enogastronomici-600x467.jpg 600w, https:\/\/tenutacabarbaro.it\/wp-content\/uploads\/2023\/12\/tour-enogastronomici-300x233.jpg 300w, https:\/\/tenutacabarbaro.it\/wp-content\/uploads\/2023\/12\/tour-enogastronomici-768x597.jpg 768w\" sizes=\"(max-width: 900px) 100vw, 900px\" \/>\t\t\t\t\t\t\t\t\t\t\t\t\t<\/div>\n\t\t\t\t<\/div>\n\t\t\t\t\t<\/div>\n\t\t<\/div>\n\t\t\t\t<div class=\"elementor-column elementor-col-50 elementor-top-column elementor-element elementor-element-d427328\" data-id=\"d427328\" data-element_type=\"column\">\n\t\t\t<div class=\"elementor-widget-wrap elementor-element-populated\">\n\t\t\t\t\t\t<div class=\"elementor-element elementor-element-7685bd3 elementor-widget elementor-widget-heading\" data-id=\"7685bd3\" data-element_type=\"widget\" data-widget_type=\"heading.default\">\n\t\t\t\t<div class=\"elementor-widget-container\">\n\t\t\t<h2 class=\"elementor-heading-title elementor-size-default\">Wein- und Gastronomietouren<\/h2>\t\t<\/div>\n\t\t\t\t<\/div>\n\t\t\t\t<div class=\"elementor-element elementor-element-be69f03 elementor-widget elementor-widget-text-editor\" data-id=\"be69f03\" data-element_type=\"widget\" data-widget_type=\"text-editor.default\">\n\t\t\t\t<div class=\"elementor-widget-container\">\n\t\t\t\t\t\t\t<p>Die kulinarischen Erlebnisse der Euganeischen H\u00fcgel bieten eine Gelegenheit, <strong>die Aromen und Traditionen <\/strong> dieser Region Venetiens zu entdecken, die reich an Geschichte und Natur ist<\/p>\n\t\t\t\t\t\t<\/div>\n\t\t\t\t<\/div>\n\t\t\t\t\t<\/div>\n\t\t<\/div>\n\t\t\t\t\t<\/div>\n\t\t<\/section>\n\t\t\t\t<section class=\"elementor-section elementor-top-section elementor-element elementor-element-06c79b7 elementor-section-boxed elementor-section-height-default elementor-section-height-default\" data-id=\"06c79b7\" data-element_type=\"section\">\n\t\t\t\t\t\t<div class=\"elementor-container elementor-column-gap-default\">\n\t\t\t\t\t<div class=\"elementor-column elementor-col-50 elementor-top-column elementor-element elementor-element-e06ca85\" data-id=\"e06ca85\" data-element_type=\"column\">\n\t\t\t<div class=\"elementor-widget-wrap elementor-element-populated\">\n\t\t\t\t\t\t<div class=\"elementor-element elementor-element-fbcc6d7 elementor-widget elementor-widget-heading\" data-id=\"fbcc6d7\" data-element_type=\"widget\" data-widget_type=\"heading.default\">\n\t\t\t\t<div class=\"elementor-widget-container\">\n\t\t\t<h2 class=\"elementor-heading-title elementor-size-default\">Spa, Thermalb\u00e4der und Entspannung<\/h2>\t\t<\/div>\n\t\t\t\t<\/div>\n\t\t\t\t<div class=\"elementor-element elementor-element-c8067da elementor-widget elementor-widget-text-editor\" data-id=\"c8067da\" data-element_type=\"widget\" data-widget_type=\"text-editor.default\">\n\t\t\t\t<div class=\"elementor-widget-container\">\n\t\t\t\t\t\t\t<p>Das Spa-Erlebnis in den Euganeischen H\u00fcgeln ist eine M\u00f6glichkeit, sich zu <strong>entspannen und zu regenerieren,<\/strong> indem man die <strong>wohltuenden Eigenschaften<\/strong> des Thermalwassers und des Schlamms vulkanischen Ursprungs nutzt. <br \/>Die <strong>Euganeischen H\u00fcgel<\/strong> sind <strong>reich an Thermalquellen<\/strong>, die bei einer konstanten Temperatur von 87\u00b0C sprudeln und reich an <strong>Mineralien und Spurenelementen sind.<\/strong><\/p>\n<p>Das Wellness &#8211; und Spa Erlebnis in den Euganeischen H\u00fcgeln ist <strong>daher eine<\/strong> einzigartige Gelegenheit, das k\u00f6rperliche und geistige Wohlbefinden in einem faszinierenden nat\u00fcrlichen und <strong>historischen Kontext wiederzuentdecken.<\/strong><\/p>\n\t\t\t\t\t\t<\/div>\n\t\t\t\t<\/div>\n\t\t\t\t\t<\/div>\n\t\t<\/div>\n\t\t\t\t<div class=\"elementor-column elementor-col-50 elementor-top-column elementor-element elementor-element-6d34e3d\" data-id=\"6d34e3d\" data-element_type=\"column\">\n\t\t\t<div class=\"elementor-widget-wrap elementor-element-populated\">\n\t\t\t\t\t\t<div class=\"elementor-element elementor-element-a0c8799 elementor-invisible elementor-widget elementor-widget-image\" data-id=\"a0c8799\" data-element_type=\"widget\" data-settings=\"{&quot;_animation&quot;:&quot;fadeIn&quot;,&quot;_animation_delay&quot;:1100}\" data-widget_type=\"image.default\">\n\t\t\t\t<div class=\"elementor-widget-container\">\n\t\t\t\t\t\t\t\t\t\t\t\t\t<img loading=\"lazy\" decoding=\"async\" width=\"900\" height=\"700\" src=\"https:\/\/tenutacabarbaro.it\/wp-content\/uploads\/2023\/11\/relax-a.jpg\" class=\"attachment-large size-large wp-image-417\" alt=\"Spa, terme e relax\" srcset=\"https:\/\/tenutacabarbaro.it\/wp-content\/uploads\/2023\/11\/relax-a.jpg 900w, https:\/\/tenutacabarbaro.it\/wp-content\/uploads\/2023\/11\/relax-a-600x467.jpg 600w, https:\/\/tenutacabarbaro.it\/wp-content\/uploads\/2023\/11\/relax-a-300x233.jpg 300w, https:\/\/tenutacabarbaro.it\/wp-content\/uploads\/2023\/11\/relax-a-768x597.jpg 768w\" sizes=\"(max-width: 900px) 100vw, 900px\" \/>\t\t\t\t\t\t\t\t\t\t\t\t\t<\/div>\n\t\t\t\t<\/div>\n\t\t\t\t\t<\/div>\n\t\t<\/div>\n\t\t\t\t\t<\/div>\n\t\t<\/section>\n\t\t\t\t<section class=\"elementor-section elementor-top-section elementor-element elementor-element-365458e elementor-section-full_width elementor-section-stretched elementor-section-height-default elementor-section-height-default\" data-id=\"365458e\" data-element_type=\"section\" data-settings=\"{&quot;stretch_section&quot;:&quot;section-stretched&quot;,&quot;background_background&quot;:&quot;classic&quot;}\">\n\t\t\t\t\t\t<div class=\"elementor-container elementor-column-gap-default\">\n\t\t\t\t\t<div class=\"elementor-column elementor-col-100 elementor-top-column elementor-element elementor-element-3125eed\" data-id=\"3125eed\" data-element_type=\"column\">\n\t\t\t<div class=\"elementor-widget-wrap\">\n\t\t\t\t\t\t\t<\/div>\n\t\t<\/div>\n\t\t\t\t\t<\/div>\n\t\t<\/section>\n\t\t\t\t<\/div>\n\t\t","protected":false},"excerpt":{"rendered":"<p>Auf Entdeckungsreise durch die Euganeischen H\u00fcgel Fahrradtourismus Das Radwandern in den Euganeischen H\u00fcgeln ist eine fantastische M\u00f6glichkeit, die Sch\u00f6nheit und Geschichte dieser Region Venetiens zu entdecken. Es gibt mehrere Radrouten mit malerischen Landschaften, alten D\u00f6rfern, Schl\u00f6ssern und Villen, die f\u00fcr alle Schwierigkeitsgrade geeignet sind. Eine der beliebtesten ist die Tour durch die Euganeischen H\u00fcgel, die &#8230; <a title=\"Euganeische H\u00fcgel\" class=\"read-more\" href=\"https:\/\/tenutacabarbaro.it\/de\/euganeische-hugel\/\" aria-label=\"Read more about Euganeische H\u00fcgel\">Read more<\/a><\/p>\n","protected":false},"author":3,"featured_media":0,"parent":0,"menu_order":0,"comment_status":"closed","ping_status":"closed","template":"","meta":{"_acf_changed":false,"footnotes":""},"acf":[],"_links":{"self":[{"href":"https:\/\/tenutacabarbaro.it\/de\/wp-json\/wp\/v2\/pages\/1908"}],"collection":[{"href":"https:\/\/tenutacabarbaro.it\/de\/wp-json\/wp\/v2\/pages"}],"about":[{"href":"https:\/\/tenutacabarbaro.it\/de\/wp-json\/wp\/v2\/types\/page"}],"author":[{"embeddable":true,"href":"https:\/\/tenutacabarbaro.it\/de\/wp-json\/wp\/v2\/users\/3"}],"replies":[{"embeddable":true,"href":"https:\/\/tenutacabarbaro.it\/de\/wp-json\/wp\/v2\/comments?post=1908"}],"version-history":[{"count":13,"href":"https:\/\/tenutacabarbaro.it\/de\/wp-json\/wp\/v2\/pages\/1908\/revisions"}],"predecessor-version":[{"id":2163,"href":"https:\/\/tenutacabarbaro.it\/de\/wp-json\/wp\/v2\/pages\/1908\/revisions\/2163"}],"wp:attachment":[{"href":"https:\/\/tenutacabarbaro.it\/de\/wp-json\/wp\/v2\/media?parent=1908"}],"curies":[{"name":"wp","href":"https:\/\/api.w.org\/{rel}","templated":true}]}}