{"id":1910,"date":"2024-03-27T09:56:52","date_gmt":"2024-03-27T09:56:52","guid":{"rendered":"https:\/\/tenutacabarbaro.it\/die-weine\/"},"modified":"2024-06-25T08:15:25","modified_gmt":"2024-06-25T08:15:25","slug":"die-weine","status":"publish","type":"page","link":"https:\/\/tenutacabarbaro.it\/de\/die-weine\/","title":{"rendered":"Die Weine"},"content":{"rendered":"\t\t<div data-elementor-type=\"wp-page\" data-elementor-id=\"1910\" class=\"elementor elementor-1910 elementor-1116\" data-elementor-post-type=\"page\">\n\t\t\t\t\t\t<section class=\"elementor-section elementor-top-section elementor-element elementor-element-ef5ea41 elementor-section-full_width elementor-section-stretched elementor-section-height-default elementor-section-height-default\" data-id=\"ef5ea41\" data-element_type=\"section\" data-settings=\"{&quot;stretch_section&quot;:&quot;section-stretched&quot;,&quot;background_background&quot;:&quot;classic&quot;}\">\n\t\t\t\t\t\t\t<div class=\"elementor-background-overlay\"><\/div>\n\t\t\t\t\t\t\t<div class=\"elementor-container elementor-column-gap-default\">\n\t\t\t\t\t<div class=\"elementor-column elementor-col-100 elementor-top-column elementor-element elementor-element-f4a243e\" data-id=\"f4a243e\" data-element_type=\"column\">\n\t\t\t<div class=\"elementor-widget-wrap elementor-element-populated\">\n\t\t\t\t\t\t<div class=\"elementor-element elementor-element-be0ef4f elementor-widget elementor-widget-heading\" data-id=\"be0ef4f\" data-element_type=\"widget\" data-widget_type=\"heading.default\">\n\t\t\t\t<div class=\"elementor-widget-container\">\n\t\t\t<style>\/*! elementor - v3.21.0 - 30-04-2024 *\/\n.elementor-heading-title{padding:0;margin:0;line-height:1}.elementor-widget-heading .elementor-heading-title[class*=elementor-size-]>a{color:inherit;font-size:inherit;line-height:inherit}.elementor-widget-heading .elementor-heading-title.elementor-size-small{font-size:15px}.elementor-widget-heading .elementor-heading-title.elementor-size-medium{font-size:19px}.elementor-widget-heading .elementor-heading-title.elementor-size-large{font-size:29px}.elementor-widget-heading .elementor-heading-title.elementor-size-xl{font-size:39px}.elementor-widget-heading .elementor-heading-title.elementor-size-xxl{font-size:59px}<\/style><h1 class=\"elementor-heading-title elementor-size-default\">Die Weine von <br\/>Tenuta Ca' Barbaro<\/h1>\t\t<\/div>\n\t\t\t\t<\/div>\n\t\t\t\t\t<\/div>\n\t\t<\/div>\n\t\t\t\t\t<\/div>\n\t\t<\/section>\n\t\t\t\t<section class=\"elementor-section elementor-top-section elementor-element elementor-element-9d85f2f elementor-section-boxed elementor-section-height-default elementor-section-height-default\" data-id=\"9d85f2f\" data-element_type=\"section\">\n\t\t\t\t\t\t<div class=\"elementor-container elementor-column-gap-default\">\n\t\t\t\t\t<div class=\"elementor-column elementor-col-66 elementor-top-column elementor-element elementor-element-132456f\" data-id=\"132456f\" data-element_type=\"column\">\n\t\t\t<div class=\"elementor-widget-wrap elementor-element-populated\">\n\t\t\t\t\t\t<div class=\"elementor-element elementor-element-69f0a2e elementor-widget elementor-widget-image\" data-id=\"69f0a2e\" data-element_type=\"widget\" data-widget_type=\"image.default\">\n\t\t\t\t<div class=\"elementor-widget-container\">\n\t\t\t<style>\/*! elementor - v3.21.0 - 30-04-2024 *\/\n.elementor-widget-image{text-align:center}.elementor-widget-image a{display:inline-block}.elementor-widget-image a img[src$=\".svg\"]{width:48px}.elementor-widget-image img{vertical-align:middle;display:inline-block}<\/style>\t\t\t\t\t\t\t\t\t\t<img fetchpriority=\"high\" decoding=\"async\" width=\"900\" height=\"600\" src=\"https:\/\/tenutacabarbaro.it\/wp-content\/uploads\/2024\/04\/tenuta-cabarbaro-anfora-pag-vini.jpg\" class=\"attachment-large size-large wp-image-1617\" alt=\"\" srcset=\"https:\/\/tenutacabarbaro.it\/wp-content\/uploads\/2024\/04\/tenuta-cabarbaro-anfora-pag-vini.jpg 900w, https:\/\/tenutacabarbaro.it\/wp-content\/uploads\/2024\/04\/tenuta-cabarbaro-anfora-pag-vini-300x200.jpg 300w, https:\/\/tenutacabarbaro.it\/wp-content\/uploads\/2024\/04\/tenuta-cabarbaro-anfora-pag-vini-768x512.jpg 768w, https:\/\/tenutacabarbaro.it\/wp-content\/uploads\/2024\/04\/tenuta-cabarbaro-anfora-pag-vini-600x400.jpg 600w\" sizes=\"(max-width: 900px) 100vw, 900px\" \/>\t\t\t\t\t\t\t\t\t\t\t\t\t<\/div>\n\t\t\t\t<\/div>\n\t\t\t\t<div class=\"elementor-element elementor-element-711fdf3 elementor-hidden-desktop elementor-hidden-tablet elementor-hidden-mobile elementor-widget elementor-widget-image\" data-id=\"711fdf3\" data-element_type=\"widget\" data-widget_type=\"image.default\">\n\t\t\t\t<div class=\"elementor-widget-container\">\n\t\t\t\t\t\t\t\t\t\t\t\t\t<img decoding=\"async\" width=\"669\" height=\"773\" src=\"https:\/\/tenutacabarbaro.it\/wp-content\/uploads\/2024\/03\/cerchio-con-bottiglia.png\" class=\"attachment-large size-large wp-image-1160\" alt=\"\" srcset=\"https:\/\/tenutacabarbaro.it\/wp-content\/uploads\/2024\/03\/cerchio-con-bottiglia.png 669w, https:\/\/tenutacabarbaro.it\/wp-content\/uploads\/2024\/03\/cerchio-con-bottiglia-600x693.png 600w, https:\/\/tenutacabarbaro.it\/wp-content\/uploads\/2024\/03\/cerchio-con-bottiglia-260x300.png 260w\" sizes=\"(max-width: 669px) 100vw, 669px\" \/>\t\t\t\t\t\t\t\t\t\t\t\t\t<\/div>\n\t\t\t\t<\/div>\n\t\t\t\t\t<\/div>\n\t\t<\/div>\n\t\t\t\t<div class=\"elementor-column elementor-col-33 elementor-top-column elementor-element elementor-element-f5e2a7b\" data-id=\"f5e2a7b\" data-element_type=\"column\">\n\t\t\t<div class=\"elementor-widget-wrap elementor-element-populated\">\n\t\t\t\t\t\t<div class=\"elementor-element elementor-element-f6e5963 elementor-widget elementor-widget-heading\" data-id=\"f6e5963\" data-element_type=\"widget\" data-widget_type=\"heading.default\">\n\t\t\t\t<div class=\"elementor-widget-container\">\n\t\t\t<h2 class=\"elementor-heading-title elementor-size-default\">Die Weine<\/h2>\t\t<\/div>\n\t\t\t\t<\/div>\n\t\t\t\t<div class=\"elementor-element elementor-element-745faa2 elementor-widget elementor-widget-text-editor\" data-id=\"745faa2\" data-element_type=\"widget\" data-widget_type=\"text-editor.default\">\n\t\t\t\t<div class=\"elementor-widget-container\">\n\t\t\t<style>\/*! elementor - v3.21.0 - 30-04-2024 *\/\n.elementor-widget-text-editor.elementor-drop-cap-view-stacked .elementor-drop-cap{background-color:#69727d;color:#fff}.elementor-widget-text-editor.elementor-drop-cap-view-framed .elementor-drop-cap{color:#69727d;border:3px solid;background-color:transparent}.elementor-widget-text-editor:not(.elementor-drop-cap-view-default) .elementor-drop-cap{margin-top:8px}.elementor-widget-text-editor:not(.elementor-drop-cap-view-default) .elementor-drop-cap-letter{width:1em;height:1em}.elementor-widget-text-editor .elementor-drop-cap{float:left;text-align:center;line-height:1;font-size:50px}.elementor-widget-text-editor .elementor-drop-cap-letter{display:inline-block}<\/style>\t\t\t\t<p>Die Geschichte des in <strong>Amphoren gelagerten Weins <\/strong> reicht tausende Jahre zur\u00fcck. Hinter dieser Praxis verbirgt sich oft eine vergessene Erz\u00e4hlung \u2013 die Erz\u00e4hlung <strong>\u00fcber<\/strong> die Reise und eine <strong>untrennbare Verbindung.<\/strong><\/p>\n<p>Die Amphore besitzt eine einzigartige F\u00e4higkeit: Sie bewahrt <strong>die nat\u00fcrlichen Eigenschaften<\/strong> des Weins und bringt das &#8222;Terroir&#8220; zum Ausdruck, also den einzigartigen Charakter des Ortes, aus dem die Trauben stammen. Dies erm\u00f6glicht die Herstellung von <strong>Weinen<\/strong>, die <strong>authentische<\/strong> Abbildungen des Ursprungsortes sind.<\/p>\n<p>Die Verkostung von Wein ist <strong>eine <\/strong> faszinierende Kunst. <br \/>Entdecken Sie die <strong>Aromen,<\/strong> <strong>Farben<\/strong> und <strong>D\u00fcfte<\/strong>, die unsere Weine zu bieten haben.<\/p>\n\t\t\t\t\t\t<\/div>\n\t\t\t\t<\/div>\n\t\t\t\t\t<\/div>\n\t\t<\/div>\n\t\t\t\t\t<\/div>\n\t\t<\/section>\n\t\t\t\t<section class=\"elementor-section elementor-top-section elementor-element elementor-element-96f4d2c elementor-section-boxed elementor-section-height-default elementor-section-height-default\" data-id=\"96f4d2c\" data-element_type=\"section\">\n\t\t\t\t\t\t<div class=\"elementor-container elementor-column-gap-default\">\n\t\t\t\t\t<div class=\"elementor-column elementor-col-100 elementor-top-column elementor-element elementor-element-e5773bc\" data-id=\"e5773bc\" data-element_type=\"column\">\n\t\t\t<div class=\"elementor-widget-wrap elementor-element-populated\">\n\t\t\t\t\t\t\t<\/div>\n\t\t<\/div>\n\t\t\t\t\t<\/div>\n\t\t<\/section>\n\t\t\t\t<section class=\"elementor-section elementor-top-section elementor-element elementor-element-f7a7749 elementor-section-full_width elementor-section-stretched elementor-section-height-default elementor-section-height-default\" data-id=\"f7a7749\" data-element_type=\"section\" data-settings=\"{&quot;stretch_section&quot;:&quot;section-stretched&quot;,&quot;background_background&quot;:&quot;classic&quot;}\">\n\t\t\t\t\t\t<div class=\"elementor-container elementor-column-gap-default\">\n\t\t\t\t\t<div class=\"elementor-column elementor-col-100 elementor-top-column elementor-element elementor-element-b9b1ed6\" data-id=\"b9b1ed6\" data-element_type=\"column\">\n\t\t\t<div class=\"elementor-widget-wrap\">\n\t\t\t\t\t\t\t<\/div>\n\t\t<\/div>\n\t\t\t\t\t<\/div>\n\t\t<\/section>\n\t\t\t\t<\/div>\n\t\t","protected":false},"excerpt":{"rendered":"<p>Die Weine von Tenuta Ca&#8216; Barbaro Die Weine Die Geschichte des in Amphoren gelagerten Weins reicht tausende Jahre zur\u00fcck. Hinter dieser Praxis verbirgt sich oft eine vergessene Erz\u00e4hlung \u2013 die Erz\u00e4hlung \u00fcber die Reise und eine untrennbare Verbindung. Die Amphore besitzt eine einzigartige F\u00e4higkeit: Sie bewahrt die nat\u00fcrlichen Eigenschaften des Weins und bringt das &#8222;Terroir&#8220; &#8230; <a title=\"Die Weine\" class=\"read-more\" href=\"https:\/\/tenutacabarbaro.it\/de\/die-weine\/\" aria-label=\"Read more about Die Weine\">Read more<\/a><\/p>\n","protected":false},"author":3,"featured_media":0,"parent":0,"menu_order":0,"comment_status":"closed","ping_status":"closed","template":"","meta":{"_acf_changed":false,"footnotes":""},"acf":[],"_links":{"self":[{"href":"https:\/\/tenutacabarbaro.it\/de\/wp-json\/wp\/v2\/pages\/1910"}],"collection":[{"href":"https:\/\/tenutacabarbaro.it\/de\/wp-json\/wp\/v2\/pages"}],"about":[{"href":"https:\/\/tenutacabarbaro.it\/de\/wp-json\/wp\/v2\/types\/page"}],"author":[{"embeddable":true,"href":"https:\/\/tenutacabarbaro.it\/de\/wp-json\/wp\/v2\/users\/3"}],"replies":[{"embeddable":true,"href":"https:\/\/tenutacabarbaro.it\/de\/wp-json\/wp\/v2\/comments?post=1910"}],"version-history":[{"count":16,"href":"https:\/\/tenutacabarbaro.it\/de\/wp-json\/wp\/v2\/pages\/1910\/revisions"}],"predecessor-version":[{"id":2153,"href":"https:\/\/tenutacabarbaro.it\/de\/wp-json\/wp\/v2\/pages\/1910\/revisions\/2153"}],"wp:attachment":[{"href":"https:\/\/tenutacabarbaro.it\/de\/wp-json\/wp\/v2\/media?parent=1910"}],"curies":[{"name":"wp","href":"https:\/\/api.w.org\/{rel}","templated":true}]}}